{"id":1134,"date":"2021-06-07T12:33:48","date_gmt":"2021-06-07T12:33:48","guid":{"rendered":"http:\/\/www.ampersand-ampersandproducties.nl\/?page_id=1134"},"modified":"2021-06-07T12:33:48","modified_gmt":"2021-06-07T12:33:48","slug":"festivals-en-daan-durft","status":"publish","type":"page","link":"https:\/\/www.ampersand-ampersandproducties.nl\/?page_id=1134","title":{"rendered":"Festivals en Daan durft"},"content":{"rendered":"\n<p><em>Daan durft&nbsp;<\/em>werd in het kader van de EBU Eurovision Drama Exchange \u2013 een jaarlijks uitwisselingsprogramma van Europese televisieomroepen \u2013 gemaakt en op tv uitgezonden in Duitsland, Kroati\u00eb, Wales, Sloveni\u00eb, Tsjechi\u00eb en UK.<\/p>\n\n\n\n<p><em>Daan durft&nbsp;<\/em>is al voor&nbsp;<strong>vijfendertig<\/strong>&nbsp;festivals geselecteerd:<br>* El Festival Internacional de Cine para Ni\u00f1os, Mexico (8 \u2013 13 augustus 2017);<br>* ZERO PLUS International Film Festival, Tyumen, Rusland (27 november \u2013 3 december 2016);<br>* Fan Chile. Festival Audiovisual para ni\u00f1os, Chili (7 \u2013 10 september 2016);<br>* Ojo de Pescado Festival in Valpara\u00edso, Chili (20 \u2013 27 augustus 2016);<br>* World Festival of Emerging Cinema (WFEC) in St. Augustine, Trinidad en Tobago (19 \u2013 22 mei 2016);<br>* Izmir International Short Film Festival in Izmir, Turkije (19 \u2013 26 november 2015);<br>* KINOdiseea International Children`s Film Festival in Boekarest, Roemeni\u00eb (13 \u2013 18 november 2015);<br>* vertoning op scholen tijdens Cinemagic Festival in Belfast, Groot-Brittanni\u00eb (9 oktober \u2013 4 november 2015;<br>* International Childrens TV Festival&nbsp;<em>Dytiatko&nbsp;<\/em>in Charkov, Ukraine (23 \u2013 26 september 2015);<br>* Visionaria International Film Festival in Castelnuovo Berardenga (Siena), Itali\u00eb (8 \u2013 17 oktober 2015);<br>* Uppsala International Short Film Festival \/ Children\u2019s Film Festival in Uppsala, Zweden (19 \u2013 25 oktober 2015);<br>* Half Ticket Selectie van het Jio Mami Film Festival in Mumbai, India (29 oktober \u2013 5 november);<br>* Bumbershoot Music and Arts Festival, International Film Festival in Seattle, VS (5 -7 september 2015);<br>* Short Form\/Kratka Forma \u2013 International Short Film Festival in Gornji Milanovac, Servi\u00eb (19 \u2013 24 september 2015);<br>* International Film Festival Nueva Mirada for Children and Youth in Buenos Aires, Argentini\u00eb (27 augustus \u2013 2 september 2015);&nbsp;<strong>special mention<\/strong><br>* Palermo International Sport Film Festival in Palermo, Itali\u00eb (22-25 juli 2015), genomineerd in drie categorie\u00ebn;<br>* BUSTER \u2013 International Film Festival for Children and Youth in Kopenhagen, Denemarken (14 \u2013 27 september 2015);<br>* Tumbleweed FilmFestival in Oroville, Washington, VS (29 juli \u2013 1 augustus 2015);<br>* Seoul International Youth Film Festival in Seoul, Korea (5 \u2013 12 augustus 2015), categorie Kid\u2019s Eye;<br>* Kaliber35 Munich International Short Film Festival, M\u00fcnchen, Duitsland (2015);<br>* Xpo North, Inverness, Schotland (10 \u2013 11 juni 2015);<br>* KINOLUB International Film Festival for Children and Youth in Krakau, Polen (14-18 juni 2015), main competition;<br>* Seattle International Film Festival in Seattle, VS (14-26 mei 2015);<br>* Flensburger Kurzfilmtage \u2018Rolle Vorw\u00e4rts\u2019 in Flensburg, Duitsland (20 tot 22 mei 2015);<br>* IndieLisboa Festival, Portugal (23 april \u2013 3 mei 2015), geselecteerd voor categorie IndieJunior;<br>* Go Short \u2013 International Short Film Festival Nijmegen (8 \u2013 12 April 2015);<br>* Festival International du Film d\u2019Aubagne (FIFA), Aubagne, Frankrijk (16 tot 21 maart 2015). De film doet mee in de korte-filmcompetitie in de categorie fictie;<br>* TIFF Kids International Film Festival in Toronto, Canada (7 tot 19 april 2015);<br>* Bridge Film Fest in Mitrovica, Kosovo (6 \u2013 11 oktober 2014). De film maakte deel uit van de offici\u00eble competitie;<br>* BCN Sports Film \u2013 6th Barcelona International FiCTS Festival, Barcelona (5 \u2013 mei 2015);<br>* Children\u2019s International Film Festival, Dubai (23 mei \u2013 2 april 2015). Competitie voor \u2018Audience Choice Awards for International Short\u2019;<br>* International Festival of Sport Movies in Krasnogorski, Rusland (2015);<br>* Overtime Films Festival de Tem\u00e1tica Deportiva in Mexicali, Mexico (18 \u2013 20 maart 2015);<br>* Cinekid Festival in Amsterdam, Nederland (11 \u2013 18 oktober 2014);<br>* Nederlands Film Festival in Utrecht, Nederland (24 september \u2013 3 oktober 2014).<\/p>\n","protected":false},"excerpt":{"rendered":"<p>Daan durft&nbsp;werd in het kader van de EBU Eurovision Drama Exchange \u2013 een jaarlijks uitwisselingsprogramma van Europese televisieomroepen \u2013 gemaakt en op tv uitgezonden in Duitsland, Kroati\u00eb, Wales, Sloveni\u00eb, Tsjechi\u00eb en UK. Daan durft&nbsp;is al voor&nbsp;vijfendertig&nbsp;festivals geselecteerd:* El Festival Internacional de Cine para Ni\u00f1os, Mexico (8 \u2013 13 augustus 2017);* ZERO PLUS International Film Festival, &hellip; <\/p>\n<p class=\"link-more\"><a href=\"https:\/\/www.ampersand-ampersandproducties.nl\/?page_id=1134\" class=\"more-link\">Continue reading<span class=\"screen-reader-text\"> &#8220;Festivals en Daan durft&#8221;<\/span><\/a><\/p>\n","protected":false},"author":1,"featured_media":0,"parent":0,"menu_order":0,"comment_status":"closed","ping_status":"closed","template":"","meta":{"footnotes":""},"class_list":["post-1134","page","type-page","status-publish","hentry"],"_links":{"self":[{"href":"https:\/\/www.ampersand-ampersandproducties.nl\/index.php?rest_route=\/wp\/v2\/pages\/1134","targetHints":{"allow":["GET"]}}],"collection":[{"href":"https:\/\/www.ampersand-ampersandproducties.nl\/index.php?rest_route=\/wp\/v2\/pages"}],"about":[{"href":"https:\/\/www.ampersand-ampersandproducties.nl\/index.php?rest_route=\/wp\/v2\/types\/page"}],"author":[{"embeddable":true,"href":"https:\/\/www.ampersand-ampersandproducties.nl\/index.php?rest_route=\/wp\/v2\/users\/1"}],"replies":[{"embeddable":true,"href":"https:\/\/www.ampersand-ampersandproducties.nl\/index.php?rest_route=%2Fwp%2Fv2%2Fcomments&post=1134"}],"version-history":[{"count":1,"href":"https:\/\/www.ampersand-ampersandproducties.nl\/index.php?rest_route=\/wp\/v2\/pages\/1134\/revisions"}],"predecessor-version":[{"id":1135,"href":"https:\/\/www.ampersand-ampersandproducties.nl\/index.php?rest_route=\/wp\/v2\/pages\/1134\/revisions\/1135"}],"wp:attachment":[{"href":"https:\/\/www.ampersand-ampersandproducties.nl\/index.php?rest_route=%2Fwp%2Fv2%2Fmedia&parent=1134"}],"curies":[{"name":"wp","href":"https:\/\/api.w.org\/{rel}","templated":true}]}}