{"id":1136,"date":"2021-06-07T12:40:15","date_gmt":"2021-06-07T12:40:15","guid":{"rendered":"http:\/\/www.ampersand-ampersandproducties.nl\/?page_id=1136"},"modified":"2021-06-07T12:42:13","modified_gmt":"2021-06-07T12:42:13","slug":"festivals-en-sync","status":"publish","type":"page","link":"https:\/\/www.ampersand-ampersandproducties.nl\/?page_id=1136","title":{"rendered":"Festivals en Sync"},"content":{"rendered":"\n<p><em>Sync <\/em>beleefde tijdens het <a href=\"http:\/\/www.filmfestival.nl\/publiek\/films\/kort-sync\">Nederlands Film Festival 2013<\/a> zijn bioscooppremi\u00e8re en werd door de NTR op tv uitgezonden. <\/p>\n\n\n\n<p><em>Sync <\/em> is voor <strong>twaalf<\/strong> internationale festivals geselecteerd<\/p>\n\n\n\n<p>* International Festival of Short Film <em>The Unprecedented Cinema<\/em> in Tallinn, Estland (1-6 juni 2016);<br>* Fife (International Sports Film Festival) in Rio de Janeiro, Brazili\u00eb (1-14 oktober 2015);<br>* FICAIJ Festival Internacional de Cine y Audiovisual Infantil y Juvenil (Venezuela 25-20 mei 2015);<br>* Short Form\/Kratka Forma &#8211; International Short Film Festival (Gornji Milanovac, Servi\u00eb 19-24 september 2015);<br>* Palermo International Sport Film Festival (Palermo, Itali\u00eb 22-25 juli 2015). Genomineerd in vijf categorie\u00ebn. <strong>Prijs voor beste fotografie.<\/strong><br>* 32nd Festival Cinematografico Internacional del Uruguay (Montevideo, Uruguay 2014)<br>* BCN Sports Film Festival (Barcelona, Spanje 2014);<br>* Odense International Film Festival (Odense, Denemarken 2014);<br>* 8th Psarokokalo International Short Film Festival (Athene, Griekenland 2014);<br>* FERFILM International Film Festival (Ferizaj, Kosovo 2014);<br>* International TV Festival Bar (Bar, Montenegro 2013);<br>* Nederlands Film Festival (Utrecht, Nederland 2013, premi\u00e8re).<\/p>\n","protected":false},"excerpt":{"rendered":"<p>Sync beleefde tijdens het Nederlands Film Festival 2013 zijn bioscooppremi\u00e8re en werd door de NTR op tv uitgezonden. Sync is voor twaalf internationale festivals geselecteerd * International Festival of Short Film The Unprecedented Cinema in Tallinn, Estland (1-6 juni 2016);* Fife (International Sports Film Festival) in Rio de Janeiro, Brazili\u00eb (1-14 oktober 2015);* FICAIJ Festival &hellip; <\/p>\n<p class=\"link-more\"><a href=\"https:\/\/www.ampersand-ampersandproducties.nl\/?page_id=1136\" class=\"more-link\">Continue reading<span class=\"screen-reader-text\"> &#8220;Festivals en Sync&#8221;<\/span><\/a><\/p>\n","protected":false},"author":1,"featured_media":0,"parent":0,"menu_order":0,"comment_status":"closed","ping_status":"closed","template":"onecolumn-page.php","meta":{"footnotes":""},"class_list":["post-1136","page","type-page","status-publish","hentry"],"_links":{"self":[{"href":"https:\/\/www.ampersand-ampersandproducties.nl\/index.php?rest_route=\/wp\/v2\/pages\/1136","targetHints":{"allow":["GET"]}}],"collection":[{"href":"https:\/\/www.ampersand-ampersandproducties.nl\/index.php?rest_route=\/wp\/v2\/pages"}],"about":[{"href":"https:\/\/www.ampersand-ampersandproducties.nl\/index.php?rest_route=\/wp\/v2\/types\/page"}],"author":[{"embeddable":true,"href":"https:\/\/www.ampersand-ampersandproducties.nl\/index.php?rest_route=\/wp\/v2\/users\/1"}],"replies":[{"embeddable":true,"href":"https:\/\/www.ampersand-ampersandproducties.nl\/index.php?rest_route=%2Fwp%2Fv2%2Fcomments&post=1136"}],"version-history":[{"count":2,"href":"https:\/\/www.ampersand-ampersandproducties.nl\/index.php?rest_route=\/wp\/v2\/pages\/1136\/revisions"}],"predecessor-version":[{"id":1140,"href":"https:\/\/www.ampersand-ampersandproducties.nl\/index.php?rest_route=\/wp\/v2\/pages\/1136\/revisions\/1140"}],"wp:attachment":[{"href":"https:\/\/www.ampersand-ampersandproducties.nl\/index.php?rest_route=%2Fwp%2Fv2%2Fmedia&parent=1136"}],"curies":[{"name":"wp","href":"https:\/\/api.w.org\/{rel}","templated":true}]}}